{"id":382,"date":"2019-12-24T14:16:11","date_gmt":"2019-12-24T13:16:11","guid":{"rendered":"https:\/\/ninetheme.com\/themes\/r-energy\/?page_id=382"},"modified":"2021-11-03T12:39:13","modified_gmt":"2021-11-03T11:39:13","slug":"servizi","status":"publish","type":"page","link":"https:\/\/termoidraulicasebastiani.it\/?page_id=382","title":{"rendered":"Servizi"},"content":{"rendered":"\t\t<div data-elementor-type=\"wp-page\" data-elementor-id=\"382\" class=\"elementor elementor-382\">\n\t\t\t\t\t\t<div class=\"elementor-section elementor-top-section elementor-element elementor-element-2b46ca47 elementor-section-stretched elementor-section-full_width elementor-section-height-default elementor-section-height-default\" data-id=\"2b46ca47\" data-element_type=\"section\" data-settings=\"{&quot;stretch_section&quot;:&quot;section-stretched&quot;}\">\n\t\t\t\t\t\t<div class=\"elementor-container elementor-column-gap-no\">\n\t\t\t\t\t<div class=\"elementor-column elementor-col-100 elementor-top-column elementor-element elementor-element-27e3d86b\" data-id=\"27e3d86b\" data-element_type=\"column\">\n\t\t\t<div class=\"elementor-widget-wrap elementor-element-populated\">\n\t\t\t\t\t\t<div class=\"elementor-element elementor-element-555a0fea elementor-widget elementor-widget-r-energy-page-hero-section\" data-id=\"555a0fea\" data-element_type=\"widget\" data-widget_type=\"r-energy-page-hero-section.default\">\n\t\t\t\t<div class=\"elementor-widget-container\">\n\t\t\t<div class=\"promo-primary\"><div class=\"overlay\"><\/div><picture><source srcset=\"https:\/\/termoidraulicasebastiani.it\/wp-content\/uploads\/2021\/11\/plumbing-tool-set-on-working-desk-top-view-2021-08-29-17-45-52-utc-scaled.jpg\" media=\"(min-width: 992px)\"\/><img decoding=\"async\" class=\"img-bg\" src=\"https:\/\/termoidraulicasebastiani.it\/wp-content\/uploads\/2021\/11\/plumbing-tool-set-on-working-desk-top-view-2021-08-29-17-45-52-utc-scaled.jpg\" alt=\"plumbing-tool-set-on-working-desk-top-view-2021-08-29-17-45-52-utc-scaled.jpg\"\/><\/picture><div class=\"container\"><div class=\"row\"><div class=\"col-12\"><div class=\"align-container\"><div class=\"align-item\"><span class=\"site__name\">Termoidraulica Sebastiani<\/span><h1 class=\"title\">Servizi<\/h1><div class=\"nt-breadcrumbs\"><ul class=\"nt-breadcrumbs-list\"><li class=\"bitem\"><span><a class=\"breadcrumbs__link\" href=\"https:\/\/termoidraulicasebastiani.it\/\"><span>Home<\/span><\/a><\/span><\/li><\/ul><\/div><\/div><\/div><\/div><\/div><\/div><\/div>\t\t<\/div>\n\t\t\t\t<\/div>\n\t\t\t\t\t<\/div>\n\t\t<\/div>\n\t\t\t\t\t<\/div>\n\t\t<\/div>\n\t\t\t\t<div class=\"elementor-section elementor-top-section elementor-element elementor-element-50c800a0 elementor-section-stretched elementor-section-full_width nt-section section default-indent elementor-section-height-default elementor-section-height-default\" data-id=\"50c800a0\" data-element_type=\"section\" data-settings=\"{&quot;stretch_section&quot;:&quot;section-stretched&quot;}\">\n\t\t\t\t\t\t<div class=\"elementor-container elementor-column-gap-no\">\n\t\t\t\t\t<div class=\"elementor-column elementor-col-100 elementor-top-column elementor-element elementor-element-13f8628e\" data-id=\"13f8628e\" data-element_type=\"column\">\n\t\t\t<div class=\"elementor-widget-wrap elementor-element-populated\">\n\t\t\t\t\t\t<div class=\"elementor-element elementor-element-4c66db69 elementor-widget elementor-widget-r-energy-services-section\" data-id=\"4c66db69\" data-element_type=\"widget\" data-widget_type=\"r-energy-services-section.default\">\n\t\t\t\t<div class=\"elementor-widget-container\">\n\t\t\t<div class=\"services-inner services-inner--style-3\"><div class=\"container\"><div class=\"row margin-bottom\"><div class=\"col-xl-7 col-lg-6\"><div class=\"heading primary-heading inner-heading\"><div class=\"title-holder\"><div class=\"title-block\"><h3 class=\"title\">Servizi<\/h3><p class=\"subtitle\"><span>I nostri<\/span> <span>servizi<\/span><\/p><\/div><div class=\"img-block\"><div class=\"icon\"><svg xmlns=\"http:\/\/www.w3.org\/2000\/svg\" width=\"666\" height=\"640\" viewBox=\"0 0 666 640\"><metadata><\/metadata><defs><style>      .cls-1 {        fill: #0d73fc;        fill-rule: evenodd;      }    <\/style><\/defs><path class=\"cls-1\" d=\"M142.126,165.926L0,0H436.907S648.342,10.535,665.888,229.136c4.387,153.635-108.788,210.7-157.918,234.4C525.517,553.964,542.186,640,542.186,640L260.565,308.148h189.5s55.271-8.34,50.007-65.844c2.194-60.137-25.442-71.111-60.535-71.111S142.126,165.926,142.126,165.926Z\"><\/path><\/svg><\/div><\/div><\/div><\/div><\/div><div class=\"col-xl-5 col-lg-6\"><div class=\"heading-description\"><\/div><\/div><\/div><\/div><div class=\"content-holder\"><span class=\"info\">I nostri servizi<\/span><div class=\"content\"><div class=\"container\"><div class=\"row offset-margin justify-content-sm-center\"><div class=\"col-sm-8 col-md-6 col-lg-6\"><div class=\"info-box\"><div class=\"info-box__img\"><img decoding=\"async\" src=\"https:\/\/termoidraulicasebastiani.it\/wp-content\/uploads\/2021\/11\/serv-in-bg-1-1.png\" alt=\"serv-in-bg-1-1.png\"\/><\/div><div class=\"info-box__description\"><div class=\"info-box__number\">01<\/div><div class=\"info-box__inner\"><h4 class=\"info-box__title\">Impianti aria compressa<i class=\"fa fa-chevron-right\" aria-hidden=\"true\"><\/i><\/h4><div class=\"info-box__hidden\"><p>Gli impianti di aria compressa sono indispensabili per molte attivit\u00e0. Economica e illimitata, viene destinata a diversi usi.<\/p>\n<p>Un sistema innovativo, realizzato con tubazioni in alluminio, permette di realizzare impianti velocemente e con manutenzioni a basso costo, compreso eventuali ampliamenti futuri realizzati con dei \u201csemplici\u201d raccordi ad innesto senza taglio della linea principale.<\/p>\n<p>L\u2019impianto di una certa dimensione, realizzato ad anello, garantira\u0300 una portata costante in ogni punto di lavoro, mentre piccoli impianti possono essere installati con semplice tubazione.<\/p>\n<\/div><\/div><\/div><\/div><\/div><div class=\"col-sm-8 col-md-6 col-lg-6\"><div class=\"info-box\"><div class=\"info-box__img\"><img decoding=\"async\" src=\"https:\/\/termoidraulicasebastiani.it\/wp-content\/uploads\/2021\/10\/pexels-adrien-olichon-2464420.jpg\" alt=\"pexels-adrien-olichon-2464420.jpg\"\/><\/div><div class=\"info-box__description\"><div class=\"info-box__number\">02<\/div><div class=\"info-box__inner\"><h4 class=\"info-box__title\">Condutture gas civili e industriali<i class=\"fa fa-chevron-right\" aria-hidden=\"true\"><\/i><\/h4><div class=\"info-box__hidden\"><p>Negli ambienti domestici e lavorativi, un efficiente impianto idraulico e termoidraulico \u00e8 essenziale per garantire quotidianamente comfort e funzionalit\u00e0.<\/p>\n<p>La nostra ditta si occupa della progettazione e dell\u2019installazione d\u2019impianti idraulici e termoidraulici di ultima generazione.<\/p>\n<p>Grazie ai progressi innovativi e allo sviluppo di nuovi prodotti, siamo in grado di offrire sistemi ed impianti capaci di ridurre gli sprechi e di evitare consumi elevati.<\/p>\n<\/div><\/div><\/div><\/div><\/div><div class=\"col-sm-8 col-md-6 col-lg-6\"><div class=\"info-box\"><div class=\"info-box__img\"><img decoding=\"async\" src=\"https:\/\/termoidraulicasebastiani.it\/wp-content\/uploads\/2021\/11\/serv-in-bg-1.png\" alt=\"serv-in-bg-1.png\"\/><\/div><div class=\"info-box__description\"><div class=\"info-box__number\">03<\/div><div class=\"info-box__inner\"><h4 class=\"info-box__title\">Impianti aspirazione centralizzata<i class=\"fa fa-chevron-right\" aria-hidden=\"true\"><\/i><\/h4><div class=\"info-box__hidden\"><p>L\u2019impianto di aspirazione centralizzata \u00e8 una tipologia di intervento che ha preso piede negli ultimi anni negli interventi per nuove costruzioni o nelle ristrutturazioni.<\/p>\n<p>Il sistema di aspirapolvere centralizzato \u00e8 composto da tubi a pavimento, prese a parete e da una centrale aspirante situata in un locale separato, verso la quale sono convogliate le polveri aspirate, evitando il ricircolo nell\u2019aria di batteri e micro polveri, causa principale di allergie e di disturbi dell\u2019apparato respiratorio.<\/p>\n<p>Tale sistema garantisce un livello di pulizia elevato nella massima silenziosit\u00e0: la centrale aspirante installata in un locale di servizio o in esterno permette di usare il sistema in piena libert\u00e0 e a qualunque ora.<\/p>\n<\/div><\/div><\/div><\/div><\/div><div class=\"col-sm-8 col-md-6 col-lg-6\"><div class=\"info-box\"><div class=\"info-box__img\"><img decoding=\"async\" src=\"https:\/\/termoidraulicasebastiani.it\/wp-content\/uploads\/2021\/10\/pexels-suleyman-sahan-2684805-2.jpg\" alt=\"pexels-suleyman-sahan-2684805-2.jpg\"\/><\/div><div class=\"info-box__description\"><div class=\"info-box__number\">04<\/div><div class=\"info-box__inner\"><h4 class=\"info-box__title\">Irrigazione giardini<i class=\"fa fa-chevron-right\" aria-hidden=\"true\"><\/i><\/h4><div class=\"info-box__hidden\"><p>Curiamo da anni l\u2019installazione di impianti di irrigazione per giardini, aiuole fiorite, passeggiate lungo mare con irrigazioni a goccia tramite il sistema ad ala gocciolante, il tutto gestito autonomamente da centraline computerizzate con sensore pioggia.<\/p>\n<p>La gestione di un giardino richiede tempo, l'irrigazione \u00e8 una di quelle operazioni da effettuare quotidianamente, e se questo pu\u00f2 essere automatizzato vi faciliter\u00e0 la vita. Inoltre \u00e8 possibile risparmiare anche sulla bolletta, grazie a dei programmi preimpostati il tuo giardino ricever\u00e0 l'acqua necessaria, senza eccessi, quindi senza sprechi di acqua e denaro.<\/p>\n<\/div><\/div><\/div><\/div><\/div><\/div><\/div><\/div><\/div><\/div>\t\t<\/div>\n\t\t\t\t<\/div>\n\t\t\t\t\t<\/div>\n\t\t<\/div>\n\t\t\t\t\t<\/div>\n\t\t<\/div>\n\t\t\t\t<\/div>\n\t\t","protected":false},"excerpt":{"rendered":"<p>Termoidraulica Sebastiani Servizi Home Servizi I nostri servizi I nostri servizi01 Impianti aria compressa Gli impianti di aria compressa sono indispensabili per molte attivit\u00e0. Economica e illimitata, viene destinata a diversi usi. Un sistema innovativo, realizzato con tubazioni in alluminio, permette di realizzare impianti velocemente e con manutenzioni a basso costo, compreso eventuali ampliamenti futuri&#8230;<\/p>\n","protected":false},"author":1,"featured_media":0,"parent":0,"menu_order":0,"comment_status":"closed","ping_status":"closed","template":"r-energy-elementor-page.php","meta":{"_acf_changed":false,"footnotes":""},"class_list":{"0":"post-382","1":"page","2":"type-page","3":"status-publish","4":"hentry","5":"nt-post-class","6":"","7":"masonry-item","8":"col-lg-4","10":"thumb-none","12":"excerpt-none"},"acf":[],"yoast_head":"<!-- This site is optimized with the Yoast SEO plugin v26.4 - https:\/\/yoast.com\/wordpress\/plugins\/seo\/ -->\n<title>Servizi - Termoidraulica Sebastiani<\/title>\n<meta name=\"robots\" content=\"index, follow, max-snippet:-1, max-image-preview:large, max-video-preview:-1\" \/>\n<link rel=\"canonical\" href=\"https:\/\/termoidraulicasebastiani.it\/?page_id=382\" \/>\n<meta property=\"og:locale\" content=\"it_IT\" \/>\n<meta property=\"og:type\" content=\"article\" \/>\n<meta property=\"og:title\" content=\"Servizi - Termoidraulica Sebastiani\" \/>\n<meta property=\"og:description\" content=\"Termoidraulica Sebastiani Servizi Home Servizi I nostri servizi I nostri servizi01 Impianti aria compressa Gli impianti di aria compressa sono indispensabili per molte attivit\u00e0. Economica e illimitata, viene destinata a diversi usi. Un sistema innovativo, realizzato con tubazioni in alluminio, permette di realizzare impianti velocemente e con manutenzioni a basso costo, compreso eventuali ampliamenti futuri...\" \/>\n<meta property=\"og:url\" content=\"https:\/\/termoidraulicasebastiani.it\/?page_id=382\" \/>\n<meta property=\"og:site_name\" content=\"Termoidraulica Sebastiani\" \/>\n<meta property=\"article:modified_time\" content=\"2021-11-03T11:39:13+00:00\" \/>\n<meta property=\"og:image\" content=\"https:\/\/termoidraulicasebastiani.it\/wp-content\/uploads\/2021\/11\/plumbing-tool-set-on-working-desk-top-view-2021-08-29-17-45-52-utc-scaled.jpg\" \/>\n<meta name=\"twitter:card\" content=\"summary_large_image\" \/>\n<meta name=\"twitter:label1\" content=\"Tempo di lettura stimato\" \/>\n\t<meta name=\"twitter:data1\" content=\"2 minuti\" \/>\n<script type=\"application\/ld+json\" class=\"yoast-schema-graph\">{\"@context\":\"https:\/\/schema.org\",\"@graph\":[{\"@type\":\"WebPage\",\"@id\":\"https:\/\/termoidraulicasebastiani.it\/?page_id=382\",\"url\":\"https:\/\/termoidraulicasebastiani.it\/?page_id=382\",\"name\":\"Servizi - Termoidraulica Sebastiani\",\"isPartOf\":{\"@id\":\"https:\/\/termoidraulicasebastiani.it\/#website\"},\"primaryImageOfPage\":{\"@id\":\"https:\/\/termoidraulicasebastiani.it\/?page_id=382#primaryimage\"},\"image\":{\"@id\":\"https:\/\/termoidraulicasebastiani.it\/?page_id=382#primaryimage\"},\"thumbnailUrl\":\"https:\/\/termoidraulicasebastiani.it\/wp-content\/uploads\/2021\/11\/plumbing-tool-set-on-working-desk-top-view-2021-08-29-17-45-52-utc-scaled.jpg\",\"datePublished\":\"2019-12-24T13:16:11+00:00\",\"dateModified\":\"2021-11-03T11:39:13+00:00\",\"breadcrumb\":{\"@id\":\"https:\/\/termoidraulicasebastiani.it\/?page_id=382#breadcrumb\"},\"inLanguage\":\"it-IT\",\"potentialAction\":[{\"@type\":\"ReadAction\",\"target\":[\"https:\/\/termoidraulicasebastiani.it\/?page_id=382\"]}]},{\"@type\":\"ImageObject\",\"inLanguage\":\"it-IT\",\"@id\":\"https:\/\/termoidraulicasebastiani.it\/?page_id=382#primaryimage\",\"url\":\"https:\/\/termoidraulicasebastiani.it\/wp-content\/uploads\/2021\/11\/plumbing-tool-set-on-working-desk-top-view-2021-08-29-17-45-52-utc-scaled.jpg\",\"contentUrl\":\"https:\/\/termoidraulicasebastiani.it\/wp-content\/uploads\/2021\/11\/plumbing-tool-set-on-working-desk-top-view-2021-08-29-17-45-52-utc-scaled.jpg\",\"width\":2560,\"height\":1707,\"caption\":\"Plumbing tool set on working desk, top view flat lay objects with copy space\"},{\"@type\":\"BreadcrumbList\",\"@id\":\"https:\/\/termoidraulicasebastiani.it\/?page_id=382#breadcrumb\",\"itemListElement\":[{\"@type\":\"ListItem\",\"position\":1,\"name\":\"Home\",\"item\":\"https:\/\/termoidraulicasebastiani.it\/\"},{\"@type\":\"ListItem\",\"position\":2,\"name\":\"Servizi\"}]},{\"@type\":\"WebSite\",\"@id\":\"https:\/\/termoidraulicasebastiani.it\/#website\",\"url\":\"https:\/\/termoidraulicasebastiani.it\/\",\"name\":\"Termoidraulica Sebastiani\",\"description\":\"Un nuovo sito targato WordPress\",\"potentialAction\":[{\"@type\":\"SearchAction\",\"target\":{\"@type\":\"EntryPoint\",\"urlTemplate\":\"https:\/\/termoidraulicasebastiani.it\/?s={search_term_string}\"},\"query-input\":{\"@type\":\"PropertyValueSpecification\",\"valueRequired\":true,\"valueName\":\"search_term_string\"}}],\"inLanguage\":\"it-IT\"}]}<\/script>\n<!-- \/ Yoast SEO plugin. -->","yoast_head_json":{"title":"Servizi - Termoidraulica Sebastiani","robots":{"index":"index","follow":"follow","max-snippet":"max-snippet:-1","max-image-preview":"max-image-preview:large","max-video-preview":"max-video-preview:-1"},"canonical":"https:\/\/termoidraulicasebastiani.it\/?page_id=382","og_locale":"it_IT","og_type":"article","og_title":"Servizi - Termoidraulica Sebastiani","og_description":"Termoidraulica Sebastiani Servizi Home Servizi I nostri servizi I nostri servizi01 Impianti aria compressa Gli impianti di aria compressa sono indispensabili per molte attivit\u00e0. Economica e illimitata, viene destinata a diversi usi. Un sistema innovativo, realizzato con tubazioni in alluminio, permette di realizzare impianti velocemente e con manutenzioni a basso costo, compreso eventuali ampliamenti futuri...","og_url":"https:\/\/termoidraulicasebastiani.it\/?page_id=382","og_site_name":"Termoidraulica Sebastiani","article_modified_time":"2021-11-03T11:39:13+00:00","og_image":[{"url":"https:\/\/termoidraulicasebastiani.it\/wp-content\/uploads\/2021\/11\/plumbing-tool-set-on-working-desk-top-view-2021-08-29-17-45-52-utc-scaled.jpg","type":"","width":"","height":""}],"twitter_card":"summary_large_image","twitter_misc":{"Tempo di lettura stimato":"2 minuti"},"schema":{"@context":"https:\/\/schema.org","@graph":[{"@type":"WebPage","@id":"https:\/\/termoidraulicasebastiani.it\/?page_id=382","url":"https:\/\/termoidraulicasebastiani.it\/?page_id=382","name":"Servizi - Termoidraulica Sebastiani","isPartOf":{"@id":"https:\/\/termoidraulicasebastiani.it\/#website"},"primaryImageOfPage":{"@id":"https:\/\/termoidraulicasebastiani.it\/?page_id=382#primaryimage"},"image":{"@id":"https:\/\/termoidraulicasebastiani.it\/?page_id=382#primaryimage"},"thumbnailUrl":"https:\/\/termoidraulicasebastiani.it\/wp-content\/uploads\/2021\/11\/plumbing-tool-set-on-working-desk-top-view-2021-08-29-17-45-52-utc-scaled.jpg","datePublished":"2019-12-24T13:16:11+00:00","dateModified":"2021-11-03T11:39:13+00:00","breadcrumb":{"@id":"https:\/\/termoidraulicasebastiani.it\/?page_id=382#breadcrumb"},"inLanguage":"it-IT","potentialAction":[{"@type":"ReadAction","target":["https:\/\/termoidraulicasebastiani.it\/?page_id=382"]}]},{"@type":"ImageObject","inLanguage":"it-IT","@id":"https:\/\/termoidraulicasebastiani.it\/?page_id=382#primaryimage","url":"https:\/\/termoidraulicasebastiani.it\/wp-content\/uploads\/2021\/11\/plumbing-tool-set-on-working-desk-top-view-2021-08-29-17-45-52-utc-scaled.jpg","contentUrl":"https:\/\/termoidraulicasebastiani.it\/wp-content\/uploads\/2021\/11\/plumbing-tool-set-on-working-desk-top-view-2021-08-29-17-45-52-utc-scaled.jpg","width":2560,"height":1707,"caption":"Plumbing tool set on working desk, top view flat lay objects with copy space"},{"@type":"BreadcrumbList","@id":"https:\/\/termoidraulicasebastiani.it\/?page_id=382#breadcrumb","itemListElement":[{"@type":"ListItem","position":1,"name":"Home","item":"https:\/\/termoidraulicasebastiani.it\/"},{"@type":"ListItem","position":2,"name":"Servizi"}]},{"@type":"WebSite","@id":"https:\/\/termoidraulicasebastiani.it\/#website","url":"https:\/\/termoidraulicasebastiani.it\/","name":"Termoidraulica Sebastiani","description":"Un nuovo sito targato WordPress","potentialAction":[{"@type":"SearchAction","target":{"@type":"EntryPoint","urlTemplate":"https:\/\/termoidraulicasebastiani.it\/?s={search_term_string}"},"query-input":{"@type":"PropertyValueSpecification","valueRequired":true,"valueName":"search_term_string"}}],"inLanguage":"it-IT"}]}},"_links":{"self":[{"href":"https:\/\/termoidraulicasebastiani.it\/index.php?rest_route=\/wp\/v2\/pages\/382","targetHints":{"allow":["GET"]}}],"collection":[{"href":"https:\/\/termoidraulicasebastiani.it\/index.php?rest_route=\/wp\/v2\/pages"}],"about":[{"href":"https:\/\/termoidraulicasebastiani.it\/index.php?rest_route=\/wp\/v2\/types\/page"}],"author":[{"embeddable":true,"href":"https:\/\/termoidraulicasebastiani.it\/index.php?rest_route=\/wp\/v2\/users\/1"}],"replies":[{"embeddable":true,"href":"https:\/\/termoidraulicasebastiani.it\/index.php?rest_route=%2Fwp%2Fv2%2Fcomments&post=382"}],"version-history":[{"count":0,"href":"https:\/\/termoidraulicasebastiani.it\/index.php?rest_route=\/wp\/v2\/pages\/382\/revisions"}],"wp:attachment":[{"href":"https:\/\/termoidraulicasebastiani.it\/index.php?rest_route=%2Fwp%2Fv2%2Fmedia&parent=382"}],"curies":[{"name":"wp","href":"https:\/\/api.w.org\/{rel}","templated":true}]}}